{"id":7767,"date":"2024-10-22T21:34:26","date_gmt":"2024-10-22T21:34:26","guid":{"rendered":"https:\/\/smcqeducation.ca\/?post_type=product&#038;p=7767"},"modified":"2024-11-06T23:10:35","modified_gmt":"2024-11-06T23:10:35","slug":"leveilleur-reveille-francais-bandes-dessinees-paquet-de","status":"publish","type":"product","link":"https:\/\/smcqeducation.ca\/en\/product\/leveilleur-reveille-francais-bandes-dessinees-paquet-de\/","title":{"rendered":"<b>L&#8217;\u00e9veilleur r\u00e9veill\u00e9 &#8211; French <\/b><br> Comic Book Package of"},"content":{"rendered":"","protected":false},"excerpt":{"rendered":"","protected":false},"featured_media":7634,"comment_status":"closed","ping_status":"closed","template":"","meta":{"inline_featured_image":false,"_mi_skip_tracking":false,"_exactmetrics_sitenote_active":false,"_exactmetrics_sitenote_note":"","_exactmetrics_sitenote_category":0},"product_cat":[104],"product_tag":[],"class_list":["post-7767","product","type-product","status-publish","has-post-thumbnail","hentry","product_cat-sandeep-bhagwati"],"translation":{"provider":"WPGlobus","version":"2.8.11","language":"en","enabled_languages":["fr","en"],"languages":{"fr":{"title":true,"content":false,"excerpt":false},"en":{"title":true,"content":false,"excerpt":false}}},"acf":[],"_links":{"self":[{"href":"https:\/\/smcqeducation.ca\/en\/wp-json\/wp\/v2\/product\/7767","targetHints":{"allow":["GET"]}}],"collection":[{"href":"https:\/\/smcqeducation.ca\/en\/wp-json\/wp\/v2\/product"}],"about":[{"href":"https:\/\/smcqeducation.ca\/en\/wp-json\/wp\/v2\/types\/product"}],"replies":[{"embeddable":true,"href":"https:\/\/smcqeducation.ca\/en\/wp-json\/wp\/v2\/comments?post=7767"}],"wp:featuredmedia":[{"embeddable":true,"href":"https:\/\/smcqeducation.ca\/en\/wp-json\/wp\/v2\/media\/7634"}],"wp:attachment":[{"href":"https:\/\/smcqeducation.ca\/en\/wp-json\/wp\/v2\/media?parent=7767"}],"wp:term":[{"taxonomy":"product_cat","embeddable":true,"href":"https:\/\/smcqeducation.ca\/en\/wp-json\/wp\/v2\/product_cat?post=7767"},{"taxonomy":"product_tag","embeddable":true,"href":"https:\/\/smcqeducation.ca\/en\/wp-json\/wp\/v2\/product_tag?post=7767"}],"curies":[{"name":"wp","href":"https:\/\/api.w.org\/{rel}","templated":true}]}}